{"id":506,"date":"2023-04-12T08:54:14","date_gmt":"2023-04-12T08:54:14","guid":{"rendered":"http:\/\/localhost\/mrittik\/?page_id=506"},"modified":"2026-02-23T18:42:00","modified_gmt":"2026-02-23T18:42:00","slug":"service-01","status":"publish","type":"page","link":"https:\/\/concept-eja.com\/en\/service-01\/","title":{"rendered":"Services-01"},"content":{"rendered":"<div data-elementor-type=\"wp-page\" data-elementor-id=\"506\" class=\"elementor elementor-506\">\n\t\t\t\t        <section class=\"elementor-section elementor-top-section elementor-element elementor-element-5b266f4 elementor-section-boxed elementor-section-height-default elementor-section-height-default pxl-row-scroll-none pxl-show-grid-none pxl-section-bg-none pxl-section-grid-bg-false\" data-id=\"5b266f4\" data-element_type=\"section\">\n\n                \n                <div class=\"elementor-container elementor-column-gap-default\">\n                <div class=\"elementor-column elementor-col-100 elementor-top-column elementor-element elementor-element-f98af1c pxl-column-none\" data-id=\"f98af1c\" data-element_type=\"column\">\r\n        <div class=\"elementor-widget-wrap elementor-element-populated\">\r\n                     \r\n        \t\t<div class=\"elementor-element elementor-element-de15d2f elementor-widget elementor-widget-pxl_heading\" data-id=\"de15d2f\" data-element_type=\"widget\" data-widget_type=\"pxl_heading.default\">\n\t\t\t\t<div class=\"elementor-widget-container\">\n\t\t\t\t\t<div class=\"pxl-heading\">\n\t<div class=\"pxl-heading--inner\">\n\t\t\t\t<h2 class=\"pxl-item--title style1 divider-none pxl-split-text split-in-left\" data-wow-delay=\"ms\" data-wow-duration=\"1.2s\">\n\t\t\tOUR SERVICES\t\t\t\t\t<\/h2>\n\t<\/div>\n<\/div>\n\t\t\t\t<\/div>\n\t\t\t\t<\/div>\n\t\t\t\t<div class=\"elementor-element elementor-element-0637524 pxl-post-layout-service-2 elementor-widget elementor-widget-pxl_post_grid\" data-id=\"0637524\" data-element_type=\"widget\" data-widget_type=\"pxl_post_grid.default\">\n\t\t\t\t<div class=\"elementor-widget-container\">\n\t\t\t\t\t\n<div id=\"pxl_post_grid-0637524-3453\" class=\"pxl-grid pxl-service-grid pxl-service-grid-layout2 pxl-parent-transition style1\" data-layout=\"masonry\" data-start-page=\"1\" data-max-pages=\"1\" data-total=\"3\" data-perpage=\"6\" data-next-link=\"\">\n    \n    <div class=\"pxl-grid-inner pxl-grid-masonry row\" data-gutter=\"15\">\n        <div class=\"grid-sizer col-xxl-4 col-xl-4 col-lg-4 col-md-6 col-sm-12 col-12\"><\/div>\n                    <div class=\"pxl-grid-item col-xxl-4 col-xl-4 col-lg-4 col-md-6 col-sm-12 col-12\">\n                <div class=\"pxl-item--inner\" data-wow-duration=\"1.2s\">\n                                            <div class=\"item--featured\">\n                            <img fetchpriority=\"high\" decoding=\"async\" width=\"370\" height=\"488\" src=\"https:\/\/concept-eja.com\/wp-content\/uploads\/2026\/02\/post-bgz-01.jpg\" class=\"no-lazyload attachment-full\" alt=\"\" srcset=\"https:\/\/concept-eja.com\/wp-content\/uploads\/2026\/02\/post-bgz-01.jpg 370w, https:\/\/concept-eja.com\/wp-content\/uploads\/2026\/02\/post-bgz-01-227x300.jpg 227w\" sizes=\"(max-width: 370px) 100vw, 370px\" \/>                        <\/div>\n                                        <span class=\"item--overlay\"><\/span>\n                    <div class=\"item--content\">\n                                                                            <div class=\"item--icon\">\n                                <img decoding=\"async\" width=\"50\" height=\"50\" src=\"https:\/\/concept-eja.com\/wp-content\/uploads\/2026\/02\/services-iconx-03.png\" class=\"logo-light attachment-full\" alt=\"\" srcset=\"https:\/\/concept-eja.com\/wp-content\/uploads\/2026\/02\/services-iconx-03.png 50w, https:\/\/concept-eja.com\/wp-content\/uploads\/2026\/02\/services-iconx-03-12x12.png 12w\" sizes=\"(max-width: 50px) 100vw, 50px\" \/>                                <img decoding=\"async\" width=\"50\" height=\"50\" src=\"https:\/\/concept-eja.com\/wp-content\/uploads\/2026\/02\/services-iconx-03.png\" class=\"logo-dark attachment-full\" alt=\"\" srcset=\"https:\/\/concept-eja.com\/wp-content\/uploads\/2026\/02\/services-iconx-03.png 50w, https:\/\/concept-eja.com\/wp-content\/uploads\/2026\/02\/services-iconx-03-12x12.png 12w\" sizes=\"(max-width: 50px) 100vw, 50px\" \/>                            <\/div>\n                                                <h4 class=\"item--title\">\n                            <a href=\"https:\/\/concept-eja.com\/en\/service\/construction-menuiserie-sur-mesure\/\">\n                                Custom construction &amp; carpentry                            <\/a>\n                        <\/h4>\n                                                    <div class=\"item--excerpt pxl-transtion pxl-text-line\" style=\"-webkit-line-clamp: 4\">\n                                Our custom construction and carpentry service combines technical expertise and artisanal know-how.                            <\/div>\n                                                                            <a class=\"item--button pxl-btn-crossline pxl-transtion\" href=\"https:\/\/concept-eja.com\/en\/service\/construction-menuiserie-sur-mesure\/\">\n                                <span class=\"crossline1\"><\/span>\n                                <span class=\"crossline2\"><\/span>\n                            <\/a>\n                                            <\/div>\n                <\/div>\n            <\/div>\n                    <div class=\"pxl-grid-item col-xxl-4 col-xl-4 col-lg-4 col-md-6 col-sm-12 col-12\">\n                <div class=\"pxl-item--inner\" data-wow-duration=\"1.2s\">\n                                            <div class=\"item--featured\">\n                            <img loading=\"lazy\" decoding=\"async\" width=\"370\" height=\"488\" src=\"https:\/\/concept-eja.com\/wp-content\/uploads\/2026\/02\/post-bgz-02.jpg\" class=\"no-lazyload attachment-full\" alt=\"\" srcset=\"https:\/\/concept-eja.com\/wp-content\/uploads\/2026\/02\/post-bgz-02.jpg 370w, https:\/\/concept-eja.com\/wp-content\/uploads\/2026\/02\/post-bgz-02-227x300.jpg 227w\" sizes=\"(max-width: 370px) 100vw, 370px\" \/>                        <\/div>\n                                        <span class=\"item--overlay\"><\/span>\n                    <div class=\"item--content\">\n                                                                            <div class=\"item--icon\">\n                                <img loading=\"lazy\" decoding=\"async\" width=\"50\" height=\"50\" src=\"https:\/\/concept-eja.com\/wp-content\/uploads\/2026\/02\/services-iconx-02.png\" class=\"logo-light attachment-full\" alt=\"\" srcset=\"https:\/\/concept-eja.com\/wp-content\/uploads\/2026\/02\/services-iconx-02.png 50w, https:\/\/concept-eja.com\/wp-content\/uploads\/2026\/02\/services-iconx-02-12x12.png 12w\" sizes=\"(max-width: 50px) 100vw, 50px\" \/>                                <img loading=\"lazy\" decoding=\"async\" width=\"50\" height=\"50\" src=\"https:\/\/concept-eja.com\/wp-content\/uploads\/2026\/02\/services-iconx-02.png\" class=\"logo-dark attachment-full\" alt=\"\" srcset=\"https:\/\/concept-eja.com\/wp-content\/uploads\/2026\/02\/services-iconx-02.png 50w, https:\/\/concept-eja.com\/wp-content\/uploads\/2026\/02\/services-iconx-02-12x12.png 12w\" sizes=\"(max-width: 50px) 100vw, 50px\" \/>                            <\/div>\n                                                <h4 class=\"item--title\">\n                            <a href=\"https:\/\/concept-eja.com\/en\/service\/custom-kitchens\/\">\n                                Custom kitchens                            <\/a>\n                        <\/h4>\n                                                    <div class=\"item--excerpt pxl-transtion pxl-text-line\" style=\"-webkit-line-clamp: 4\">\n                                The kitchen is the heart of the home. We design fully customized kitchens that combine functionality, optimized storage, and refined design.                            <\/div>\n                                                                            <a class=\"item--button pxl-btn-crossline pxl-transtion\" href=\"https:\/\/concept-eja.com\/en\/service\/custom-kitchens\/\">\n                                <span class=\"crossline1\"><\/span>\n                                <span class=\"crossline2\"><\/span>\n                            <\/a>\n                                            <\/div>\n                <\/div>\n            <\/div>\n                    <div class=\"pxl-grid-item col-xxl-4 col-xl-4 col-lg-4 col-md-6 col-sm-12 col-12\">\n                <div class=\"pxl-item--inner\" data-wow-duration=\"1.2s\">\n                                            <div class=\"item--featured\">\n                            <img loading=\"lazy\" decoding=\"async\" width=\"370\" height=\"488\" src=\"https:\/\/concept-eja.com\/wp-content\/uploads\/2023\/06\/post-bgz-03.jpg\" class=\"no-lazyload attachment-full\" alt=\"\" srcset=\"https:\/\/concept-eja.com\/wp-content\/uploads\/2023\/06\/post-bgz-03.jpg 370w, https:\/\/concept-eja.com\/wp-content\/uploads\/2023\/06\/post-bgz-03-227x300.jpg 227w\" sizes=\"(max-width: 370px) 100vw, 370px\" \/>                        <\/div>\n                                        <span class=\"item--overlay\"><\/span>\n                    <div class=\"item--content\">\n                                                                            <div class=\"item--icon\">\n                                <img loading=\"lazy\" decoding=\"async\" width=\"50\" height=\"50\" src=\"https:\/\/concept-eja.com\/wp-content\/uploads\/2023\/06\/services-iconx-01.png\" class=\"logo-light attachment-full\" alt=\"\" srcset=\"https:\/\/concept-eja.com\/wp-content\/uploads\/2023\/06\/services-iconx-01.png 50w, https:\/\/concept-eja.com\/wp-content\/uploads\/2023\/06\/services-iconx-01-12x12.png 12w\" sizes=\"(max-width: 50px) 100vw, 50px\" \/>                                <img loading=\"lazy\" decoding=\"async\" width=\"50\" height=\"50\" src=\"https:\/\/concept-eja.com\/wp-content\/uploads\/2023\/06\/services-iconx-01.png\" class=\"logo-dark attachment-full\" alt=\"\" srcset=\"https:\/\/concept-eja.com\/wp-content\/uploads\/2023\/06\/services-iconx-01.png 50w, https:\/\/concept-eja.com\/wp-content\/uploads\/2023\/06\/services-iconx-01-12x12.png 12w\" sizes=\"(max-width: 50px) 100vw, 50px\" \/>                            <\/div>\n                                                <h4 class=\"item--title\">\n                            <a href=\"https:\/\/concept-eja.com\/en\/service\/interrior-design\/\">\n                                Interior design                            <\/a>\n                        <\/h4>\n                                                    <div class=\"item--excerpt pxl-transtion pxl-text-line\" style=\"-webkit-line-clamp: 4\">\n                                At Concept EJA, our interior design service aims to create elegant, functional spaces tailored to your lifestyle.                            <\/div>\n                                                                            <a class=\"item--button pxl-btn-crossline pxl-transtion\" href=\"https:\/\/concept-eja.com\/en\/service\/interrior-design\/\">\n                                <span class=\"crossline1\"><\/span>\n                                <span class=\"crossline2\"><\/span>\n                            <\/a>\n                                            <\/div>\n                <\/div>\n            <\/div>\n            <\/div>\n    <div class=\"pxl-grid-no-results\">No matching results.<\/div>\n        <\/div>\t\t\t\t<\/div>\n\t\t\t\t<\/div>\n\t\t            <\/div>\r\n        <\/div>\r\n        \t\t\t<\/div>\n\t\t<\/section>\n\t\t<div class=\"elementor-element elementor-element-3eae8c1 e-flex e-con-boxed e-con e-parent\" data-id=\"3eae8c1\" data-element_type=\"container\">\t\t\t<div class=\"e-con-inner\">\r\n\t\t\t\t<div class=\"elementor-element elementor-element-33db01a elementor-widget elementor-widget-spacer\" data-id=\"33db01a\" data-element_type=\"widget\" data-widget_type=\"spacer.default\">\n\t\t\t\t\t\t\t<div class=\"elementor-spacer\">\n\t\t\t<div class=\"elementor-spacer-inner\"><\/div>\n\t\t<\/div>\n\t\t\t\t\t\t<\/div>\n\t\t\t\t\t<\/div>\r\n\t\t\t\t<\/div>\r\n\t\t\t\t<\/div>","protected":false},"excerpt":{"rendered":"<p>NOS SERVICES Construction &#038; menuiserie sur mesure Notre service de construction et de menuiserie sur mesure combine expertise technique et savoir-faire artisanal. Cuisines sur mesure La cuisine est le c\u0153ur de la maison. Nous concevons des cuisines enti\u00e8rement personnalis\u00e9es qui allient fonctionnalit\u00e9, rangement optimis\u00e9 et design raffin\u00e9. Design d\u2019int\u00e9rieur Chez Concept EJA, notre service de [&hellip;]<\/p>\n","protected":false},"author":1,"featured_media":0,"parent":0,"menu_order":0,"comment_status":"closed","ping_status":"closed","template":"","meta":{"footnotes":""},"class_list":["post-506","page","type-page","status-publish","hentry"],"_links":{"self":[{"href":"https:\/\/concept-eja.com\/en\/wp-json\/wp\/v2\/pages\/506","targetHints":{"allow":["GET"]}}],"collection":[{"href":"https:\/\/concept-eja.com\/en\/wp-json\/wp\/v2\/pages"}],"about":[{"href":"https:\/\/concept-eja.com\/en\/wp-json\/wp\/v2\/types\/page"}],"author":[{"embeddable":true,"href":"https:\/\/concept-eja.com\/en\/wp-json\/wp\/v2\/users\/1"}],"replies":[{"embeddable":true,"href":"https:\/\/concept-eja.com\/en\/wp-json\/wp\/v2\/comments?post=506"}],"version-history":[{"count":16,"href":"https:\/\/concept-eja.com\/en\/wp-json\/wp\/v2\/pages\/506\/revisions"}],"predecessor-version":[{"id":9856,"href":"https:\/\/concept-eja.com\/en\/wp-json\/wp\/v2\/pages\/506\/revisions\/9856"}],"wp:attachment":[{"href":"https:\/\/concept-eja.com\/en\/wp-json\/wp\/v2\/media?parent=506"}],"curies":[{"name":"wp","href":"https:\/\/api.w.org\/{rel}","templated":true}]}}