{"id":498,"date":"2023-04-12T08:52:46","date_gmt":"2023-04-12T08:52:46","guid":{"rendered":"http:\/\/localhost\/mrittik\/?page_id=498"},"modified":"2026-03-22T18:13:14","modified_gmt":"2026-03-22T18:13:14","slug":"about-us","status":"publish","type":"page","link":"https:\/\/concept-eja.com\/en\/about-us\/","title":{"rendered":"About Us"},"content":{"rendered":"<div data-elementor-type=\"wp-page\" data-elementor-id=\"498\" class=\"elementor elementor-498\">\n\t\t\t\t        <section class=\"elementor-section elementor-top-section elementor-element elementor-element-a856b0c elementor-section-boxed elementor-section-height-default elementor-section-height-default pxl-row-scroll-none pxl-show-grid-none pxl-section-bg-none pxl-section-grid-bg-false\" data-id=\"a856b0c\" data-element_type=\"section\">\n\n                \n                <div class=\"elementor-container elementor-column-gap-default\">\n                <div class=\"elementor-column elementor-col-100 elementor-top-column elementor-element elementor-element-659444f pxl-column-none\" data-id=\"659444f\" data-element_type=\"column\">\r\n        <div class=\"elementor-widget-wrap elementor-element-populated\">\r\n                     \r\n        \t\t<div class=\"elementor-element elementor-element-b65d4e8 elementor-widget elementor-widget-pxl_heading\" data-id=\"b65d4e8\" data-element_type=\"widget\" data-widget_type=\"pxl_heading.default\">\n\t\t\t\t<div class=\"elementor-widget-container\">\n\t\t\t\t\t<div class=\"pxl-heading\">\n\t<div class=\"pxl-heading--inner\">\n\t\t\t\t\t<div class=\"pxl-item--subtitle\" data-wow-delay=\"ms\" data-wow-duration=\"1.2s\"><span>OUR MISSION<\/span><\/div>\n\t\t\t\t<h2 class=\"pxl-item--title style1 divider-none\" data-wow-delay=\"ms\" data-wow-duration=\"1.2s\">\n\t\t\t\t\t\t\t\t<\/h2>\n\t<\/div>\n<\/div>\n\t\t\t\t<\/div>\n\t\t\t\t<\/div>\n\t\t\t\t<div class=\"elementor-element elementor-element-8f5f7a1 elementor-widget elementor-widget-pxl_text_editor\" data-id=\"8f5f7a1\" data-element_type=\"widget\" data-widget_type=\"pxl_text_editor.default\">\n\t\t\t\t<div class=\"elementor-widget-container\">\n\t\t\t\t\t<div class=\"pxl-text-editor\" data-wow-delay=\"ms\" data-wow-duration=\"1.2s\">\n\t<div class=\"pxl-item--inner\">\n\t\t<p>At Concept EJA, we believe that when design meets expertise and a passion for detail, unique spaces come to life.<\/p>\t<\/div>\n<\/div>\n\t\t\t\t<\/div>\n\t\t\t\t<\/div>\n\t\t\t\t<div class=\"elementor-element elementor-element-efed0f7 elementor-widget elementor-widget-pxl_image\" data-id=\"efed0f7\" data-element_type=\"widget\" data-widget_type=\"pxl_image.default\">\n\t\t\t\t<div class=\"elementor-widget-container\">\n\t\t\t\t\t<div class=\"pxl-image-single pxl-image-single1  divider-top\" data-wow-delay=\"ms\" data-wow-duration=\"1.2s\">\r\n                        <div class=\"pxl-item--inner\">\r\n                                    <img fetchpriority=\"high\" decoding=\"async\" width=\"1400\" height=\"802\" src=\"https:\/\/concept-eja.com\/wp-content\/uploads\/2026\/03\/slider-px-24.jpg\" class=\"no-lazyload attachment-full\" alt=\"\" srcset=\"https:\/\/concept-eja.com\/wp-content\/uploads\/2026\/03\/slider-px-24.jpg 1400w, https:\/\/concept-eja.com\/wp-content\/uploads\/2026\/03\/slider-px-24-300x172.jpg 300w, https:\/\/concept-eja.com\/wp-content\/uploads\/2026\/03\/slider-px-24-1024x587.jpg 1024w, https:\/\/concept-eja.com\/wp-content\/uploads\/2026\/03\/slider-px-24-768x440.jpg 768w, https:\/\/concept-eja.com\/wp-content\/uploads\/2026\/03\/slider-px-24-18x10.jpg 18w, https:\/\/concept-eja.com\/wp-content\/uploads\/2026\/03\/slider-px-24-1170x670.jpg 1170w\" sizes=\"(max-width: 1400px) 100vw, 1400px\" \/>                            <\/div>\r\n                <\/div>\t\t\t\t<\/div>\n\t\t\t\t<\/div>\n\t\t        <section class=\"elementor-section elementor-inner-section elementor-element elementor-element-c25a51e elementor-section-boxed elementor-section-height-default elementor-section-height-default pxl-row-scroll-none pxl-show-grid-none pxl-section-bg-none pxl-section-grid-bg-false\" data-id=\"c25a51e\" data-element_type=\"section\">\n\n                \n                <div class=\"elementor-container elementor-column-gap-no\">\n                <div class=\"elementor-column elementor-col-50 elementor-inner-column elementor-element elementor-element-ecbff8c pxl-column-none\" data-id=\"ecbff8c\" data-element_type=\"column\">\r\n        <div class=\"elementor-widget-wrap elementor-element-populated\">\r\n                     \r\n        \t\t<div class=\"elementor-element elementor-element-55376d7 elementor-widget elementor-widget-pxl_heading\" data-id=\"55376d7\" data-element_type=\"widget\" data-widget_type=\"pxl_heading.default\">\n\t\t\t\t<div class=\"elementor-widget-container\">\n\t\t\t\t\t<div class=\"pxl-heading\">\n\t<div class=\"pxl-heading--inner\">\n\t\t\t\t<h3 class=\"pxl-item--title style1 divider-bottom pxl-split-text split-in-right\" data-wow-delay=\"ms\" data-wow-duration=\"1.2s\">\n\t\t\tDESIGN IS OUR PASSION\t\t\t\t\t<\/h3>\n\t<\/div>\n<\/div>\n\t\t\t\t<\/div>\n\t\t\t\t<\/div>\n\t\t            <\/div>\r\n        <\/div>\r\n                <div class=\"elementor-column elementor-col-50 elementor-inner-column elementor-element elementor-element-e1663ee pxl-column-none\" data-id=\"e1663ee\" data-element_type=\"column\">\r\n        <div class=\"elementor-widget-wrap elementor-element-populated\">\r\n                     \r\n        \t\t<div class=\"elementor-element elementor-element-43f05d3 elementor-widget elementor-widget-pxl_text_editor\" data-id=\"43f05d3\" data-element_type=\"widget\" data-widget_type=\"pxl_text_editor.default\">\n\t\t\t\t<div class=\"elementor-widget-container\">\n\t\t\t\t\t<div class=\"pxl-text-editor\" data-wow-delay=\"ms\" data-wow-duration=\"1.2s\">\n\t<div class=\"pxl-item--inner\">\n\t\t<p data-start=\"113\" data-end=\"392\">Concept EJA is a company specializing in interior design, custom kitchens, and personalized construction, based in Laval. We support our clients from conception to completion, transforming their ideas into functional, elegant, and meticulously designed spaces.<\/p><p data-start=\"394\" data-end=\"707\">For us, design goes far beyond appearance. It influences how we live, gather, and enjoy our spaces. Through a deep understanding of materials, volumes, and construction techniques, each project is approached with rigor, creativity, and attention to detail.<\/p><p data-start=\"709\" data-end=\"985\">Our team of skilled designers and craftspeople share a common passion: creating inspiring, sustainable environments perfectly tailored to each client's needs. Every project reflects our commitment to quality, precision, and timeless style.<\/p>\t<\/div>\n<\/div>\n\t\t\t\t<\/div>\n\t\t\t\t<\/div>\n\t\t            <\/div>\r\n        <\/div>\r\n        \t\t\t<\/div>\n\t\t<\/section>\n\t\t\t\t<div class=\"elementor-element elementor-element-7f13f77 elementor-widget elementor-widget-pxl_image\" data-id=\"7f13f77\" data-element_type=\"widget\" data-widget_type=\"pxl_image.default\">\n\t\t\t\t<div class=\"elementor-widget-container\">\n\t\t\t\t\t<div class=\"pxl-image-single pxl-image-single1  divider-top\" data-wow-delay=\"ms\" data-wow-duration=\"1.2s\">\r\n                        <div class=\"pxl-item--inner\">\r\n                                    <img decoding=\"async\" width=\"1600\" height=\"900\" src=\"https:\/\/concept-eja.com\/wp-content\/uploads\/2023\/06\/slider-pz-38.jpg\" class=\"no-lazyload attachment-full\" alt=\"\" srcset=\"https:\/\/concept-eja.com\/wp-content\/uploads\/2023\/06\/slider-pz-38.jpg 1600w, https:\/\/concept-eja.com\/wp-content\/uploads\/2023\/06\/slider-pz-38-300x169.jpg 300w, https:\/\/concept-eja.com\/wp-content\/uploads\/2023\/06\/slider-pz-38-1024x576.jpg 1024w, https:\/\/concept-eja.com\/wp-content\/uploads\/2023\/06\/slider-pz-38-768x432.jpg 768w, https:\/\/concept-eja.com\/wp-content\/uploads\/2023\/06\/slider-pz-38-1536x864.jpg 1536w, https:\/\/concept-eja.com\/wp-content\/uploads\/2023\/06\/slider-pz-38-1170x658.jpg 1170w\" sizes=\"(max-width: 1600px) 100vw, 1600px\" \/>                            <\/div>\r\n                <\/div>\t\t\t\t<\/div>\n\t\t\t\t<\/div>\n\t\t            <\/div>\r\n        <\/div>\r\n        \t\t\t<\/div>\n\t\t<\/section>\n\t\t        <section class=\"elementor-section elementor-top-section elementor-element elementor-element-f3b58ba elementor-section-boxed elementor-section-height-default elementor-section-height-default pxl-row-scroll-none pxl-show-grid-none pxl-section-bg-none pxl-section-grid-bg-false\" data-id=\"f3b58ba\" data-element_type=\"section\" data-settings=\"{&quot;background_background&quot;:&quot;classic&quot;}\">\n\n                \n                <div class=\"elementor-container elementor-column-gap-default\">\n                <div class=\"elementor-column elementor-col-100 elementor-top-column elementor-element elementor-element-b887042 pxl-column-none\" data-id=\"b887042\" data-element_type=\"column\">\r\n        <div class=\"elementor-widget-wrap\">\r\n                     \r\n                    <\/div>\r\n        <\/div>\r\n        \t\t\t<\/div>\n\t\t<\/section>\n\t\t        <section class=\"elementor-section elementor-top-section elementor-element elementor-element-c41d916 pxl-section-bg-normal elementor-section-boxed elementor-section-height-default elementor-section-height-default pxl-row-scroll-none pxl-show-grid-none pxl-section-grid-bg-false\" data-id=\"c41d916\" data-element_type=\"section\">\n\n                \n                <div class=\"elementor-container elementor-column-gap-default\">\n                <div class=\"elementor-column elementor-col-100 elementor-top-column elementor-element elementor-element-e4d256b pxl-column-none\" data-id=\"e4d256b\" data-element_type=\"column\">\r\n        <div class=\"elementor-widget-wrap elementor-element-populated\">\r\n                     \r\n        \t\t<div class=\"elementor-element elementor-element-d52aa55 elementor-widget elementor-widget-pxl_heading\" data-id=\"d52aa55\" data-element_type=\"widget\" data-widget_type=\"pxl_heading.default\">\n\t\t\t\t<div class=\"elementor-widget-container\">\n\t\t\t\t\t<div class=\"pxl-heading\">\n\t<div class=\"pxl-heading--inner\">\n\t\t\t\t<h2 class=\"pxl-item--title style1 divider-none\" data-wow-delay=\"ms\" data-wow-duration=\"1.2s\">\n\t\t\tWe meet every day\n         <span class=\"pxl-title--highlight\">\n            customers        <\/span>\n         with ideas and        <span class=\"pxl-title--highlight\">\n            projects        <\/span>\n         our mission is to bring them to life.\t\t\t\t\t<\/h2>\n\t<\/div>\n<\/div>\n\t\t\t\t<\/div>\n\t\t\t\t<\/div>\n\t\t            <\/div>\r\n        <\/div>\r\n        \t\t\t<\/div>\n\t\t<\/section>\n\t\t        <section class=\"elementor-section elementor-top-section elementor-element elementor-element-64353e1 elementor-section-boxed elementor-section-height-default elementor-section-height-default pxl-row-scroll-none pxl-show-grid-none pxl-section-bg-none pxl-section-grid-bg-false\" data-id=\"64353e1\" data-element_type=\"section\" data-settings=\"{&quot;background_background&quot;:&quot;classic&quot;}\">\n\n                \n                <div class=\"elementor-container elementor-column-gap-default\">\n                <div class=\"elementor-column elementor-col-25 elementor-top-column elementor-element elementor-element-c7d4509 pxl-column-none\" data-id=\"c7d4509\" data-element_type=\"column\">\r\n        <div class=\"elementor-widget-wrap elementor-element-populated\">\r\n                     \r\n        \t\t<div class=\"elementor-element elementor-element-592fbb3 elementor-widget elementor-widget-pxl_counter\" data-id=\"592fbb3\" data-element_type=\"widget\" data-widget_type=\"pxl_counter.default\">\n\t\t\t\t<div class=\"elementor-widget-container\">\n\t\t\t\t\t<div class=\"pxl-counter pxl-counter1 style1\" data-wow-delay=\"ms\" data-wow-duration=\"1.2s\">\r\n    <div class=\"pxl--item-inner\">\r\n        <div class=\"pxl--counter-number\">\r\n                        <span class=\"pxl--counter-value\" data-duration=\"2000\" data-to-value=\"70\" data-delimiter=\"\" data-text=\"\">1<\/span>\r\n                    <\/div>\r\n                    <div class=\"pxl--item-title\">Project completed<\/div>\r\n            <\/div>\r\n<\/div>\t\t\t\t<\/div>\n\t\t\t\t<\/div>\n\t\t            <\/div>\r\n        <\/div>\r\n                <div class=\"elementor-column elementor-col-25 elementor-top-column elementor-element elementor-element-c308ce6 pxl-column-none\" data-id=\"c308ce6\" data-element_type=\"column\">\r\n        <div class=\"elementor-widget-wrap elementor-element-populated\">\r\n                     \r\n        \t\t<div class=\"elementor-element elementor-element-4f2ccc3 elementor-widget elementor-widget-pxl_counter\" data-id=\"4f2ccc3\" data-element_type=\"widget\" data-widget_type=\"pxl_counter.default\">\n\t\t\t\t<div class=\"elementor-widget-container\">\n\t\t\t\t\t<div class=\"pxl-counter pxl-counter1 style1\" data-wow-delay=\"ms\" data-wow-duration=\"1.2s\">\r\n    <div class=\"pxl--item-inner\">\r\n        <div class=\"pxl--counter-number\">\r\n                        <span class=\"pxl--counter-value\" data-duration=\"2000\" data-to-value=\"210\" data-delimiter=\"\" data-text=\"+\">1<\/span>\r\n                            <span class=\"pxl--counter-suffix\">+<\/span>\r\n                    <\/div>\r\n                    <div class=\"pxl--item-title\">Technical drawing<\/div>\r\n            <\/div>\r\n<\/div>\t\t\t\t<\/div>\n\t\t\t\t<\/div>\n\t\t            <\/div>\r\n        <\/div>\r\n                <div class=\"elementor-column elementor-col-25 elementor-top-column elementor-element elementor-element-79c36ae pxl-column-none\" data-id=\"79c36ae\" data-element_type=\"column\">\r\n        <div class=\"elementor-widget-wrap elementor-element-populated\">\r\n                     \r\n        \t\t<div class=\"elementor-element elementor-element-9d3c5d2 elementor-widget elementor-widget-pxl_counter\" data-id=\"9d3c5d2\" data-element_type=\"widget\" data-widget_type=\"pxl_counter.default\">\n\t\t\t\t<div class=\"elementor-widget-container\">\n\t\t\t\t\t<div class=\"pxl-counter pxl-counter1 style1\" data-wow-delay=\"ms\" data-wow-duration=\"1.2s\">\r\n    <div class=\"pxl--item-inner\">\r\n        <div class=\"pxl--counter-number\">\r\n                        <span class=\"pxl--counter-value\" data-duration=\"2000\" data-to-value=\"15\" data-delimiter=\"\" data-text=\"\">1<\/span>\r\n                    <\/div>\r\n                    <div class=\"pxl--item-title\">Customers served<\/div>\r\n            <\/div>\r\n<\/div>\t\t\t\t<\/div>\n\t\t\t\t<\/div>\n\t\t            <\/div>\r\n        <\/div>\r\n                <div class=\"elementor-column elementor-col-25 elementor-top-column elementor-element elementor-element-08e7cfa pxl-column-none\" data-id=\"08e7cfa\" data-element_type=\"column\">\r\n        <div class=\"elementor-widget-wrap elementor-element-populated\">\r\n                     \r\n        \t\t<div class=\"elementor-element elementor-element-4f11f60 elementor-widget elementor-widget-pxl_counter\" data-id=\"4f11f60\" data-element_type=\"widget\" data-widget_type=\"pxl_counter.default\">\n\t\t\t\t<div class=\"elementor-widget-container\">\n\t\t\t\t\t<div class=\"pxl-counter pxl-counter1 style1\" data-wow-delay=\"ms\" data-wow-duration=\"1.2s\">\r\n    <div class=\"pxl--item-inner\">\r\n        <div class=\"pxl--counter-number\">\r\n                        <span class=\"pxl--counter-value\" data-duration=\"2000\" data-to-value=\"15\" data-delimiter=\"\" data-text=\"\">1<\/span>\r\n                    <\/div>\r\n                    <div class=\"pxl--item-title\">Ongoing Projects<\/div>\r\n            <\/div>\r\n<\/div>\t\t\t\t<\/div>\n\t\t\t\t<\/div>\n\t\t            <\/div>\r\n        <\/div>\r\n        \t\t\t<\/div>\n\t\t<\/section>\n\t\t        <section class=\"elementor-section elementor-top-section elementor-element elementor-element-6a52b57 pxl-section-bg-overlay elementor-section-boxed elementor-section-height-default elementor-section-height-default pxl-row-scroll-none pxl-show-grid-none pxl-section-grid-bg-false\" data-id=\"6a52b57\" data-element_type=\"section\">\n\n                \n                <div class=\"elementor-container elementor-column-gap-default\">\n                <div class=\"elementor-column elementor-col-50 elementor-top-column elementor-element elementor-element-2cf4af1 pxl-column-none\" data-id=\"2cf4af1\" data-element_type=\"column\">\r\n        <div class=\"elementor-widget-wrap elementor-element-populated\">\r\n                     \r\n        \t\t<div class=\"elementor-element elementor-element-96a8c86 elementor-widget elementor-widget-pxl_heading\" data-id=\"96a8c86\" data-element_type=\"widget\" data-widget_type=\"pxl_heading.default\">\n\t\t\t\t<div class=\"elementor-widget-container\">\n\t\t\t\t\t<div class=\"pxl-heading\">\n\t<div class=\"pxl-heading--inner\">\n\t\t\t\t<h2 class=\"pxl-item--title style1 divider-none  wow skewInLeft\" data-wow-delay=\"ms\" data-wow-duration=\"1.2s\">\n\t\t\tDo you have a project in mind?\t\t\t\t\t<\/h2>\n\t<\/div>\n<\/div>\n\t\t\t\t<\/div>\n\t\t\t\t<\/div>\n\t\t\t\t<div class=\"elementor-element elementor-element-cdd9713 elementor-widget elementor-widget-pxl_text_editor\" data-id=\"cdd9713\" data-element_type=\"widget\" data-widget_type=\"pxl_text_editor.default\">\n\t\t\t\t<div class=\"elementor-widget-container\">\n\t\t\t\t\t<div class=\"pxl-text-editor\" data-wow-delay=\"ms\" data-wow-duration=\"1.2s\">\n\t<div class=\"pxl-item--inner\">\n\t\t<p>We would be happy to discuss this with you. Contact us today to share your ideas and discover how we can bring your vision to life.<\/p>\t<\/div>\n<\/div>\n\t\t\t\t<\/div>\n\t\t\t\t<\/div>\n\t\t            <\/div>\r\n        <\/div>\r\n                <div class=\"elementor-column elementor-col-50 elementor-top-column elementor-element elementor-element-8459d09 pxl-column-none\" data-id=\"8459d09\" data-element_type=\"column\">\r\n        <div class=\"elementor-widget-wrap elementor-element-populated\">\r\n                     \r\n        \t\t<div class=\"elementor-element elementor-element-5381f0c elementor-widget elementor-widget-pxl_contact_form\" data-id=\"5381f0c\" data-element_type=\"widget\" data-widget_type=\"pxl_contact_form.default\">\n\t\t\t\t<div class=\"elementor-widget-container\">\n\t\t\t\t\t    <div class=\"pxl-contact-form pxl-contact-form1 style2\" data-wow-delay=\"ms\" data-wow-duration=\"1.2s\">\r\n        \n<div class=\"wpcf7 no-js\" id=\"wpcf7-f715-o1\" lang=\"en-US\" dir=\"ltr\" data-wpcf7-id=\"715\">\n<div class=\"screen-reader-response\"><p role=\"status\" aria-live=\"polite\" aria-atomic=\"true\"><\/p> <ul><\/ul><\/div>\n<form action=\"\/en\/wp-json\/wp\/v2\/pages\/498#wpcf7-f715-o1\" method=\"post\" class=\"wpcf7-form init\" aria-label=\"Contact form\" novalidate=\"novalidate\" data-status=\"init\" data-trp-original-action=\"\/en\/wp-json\/wp\/v2\/pages\/498#wpcf7-f715-o1\">\n<fieldset class=\"hidden-fields-container\"><input type=\"hidden\" name=\"_wpcf7\" value=\"715\" \/><input type=\"hidden\" name=\"_wpcf7_version\" value=\"6.1.4\" \/><input type=\"hidden\" name=\"_wpcf7_locale\" value=\"en_US\" \/><input type=\"hidden\" name=\"_wpcf7_unit_tag\" value=\"wpcf7-f715-o1\" \/><input type=\"hidden\" name=\"_wpcf7_container_post\" value=\"0\" \/><input type=\"hidden\" name=\"_wpcf7_posted_data_hash\" value=\"\" \/>\n<\/fieldset>\n<div class=\"wp-row-ctf7 contact-form-custom1\">\n\t<div class=\"row input-contact\">\n\t\t<div class=\"col-12\">\n\t\t\t<div class=\"input-filled\">\n\t\t\t\t<p><span class=\"wpcf7-form-control-wrap\" data-name=\"your-name\"><input size=\"40\" maxlength=\"400\" class=\"wpcf7-form-control wpcf7-text wpcf7-validates-as-required\" id=\"namefield\" aria-required=\"true\" aria-invalid=\"false\" placeholder=\"YOUR NAME\" value=\"\" type=\"text\" name=\"your-name\" \/><\/span>\n\t\t\t\t<\/p>\n\t\t\t<\/div>\n\t\t<\/div>\n\t\t<div class=\"col-12\">\n\t\t\t<div class=\"input-filled\">\n\t\t\t\t<p><span class=\"wpcf7-form-control-wrap\" data-name=\"your-phone\"><input class=\"wpcf7-form-control wpcf7-number wpcf7-validates-as-required wpcf7-validates-as-number\" id=\"phonefield\" aria-required=\"true\" aria-invalid=\"false\" placeholder=\"YOUR PHONE NUMBER\" value=\"\" type=\"number\" name=\"your-phone\" \/><\/span>\n\t\t\t\t<\/p>\n\t\t\t<\/div>\n\t\t<\/div>\n\t\t<div class=\"col-12\">\n\t\t\t<div class=\"input-filled\">\n\t\t\t\t<p><span class=\"wpcf7-form-control-wrap\" data-name=\"your-email\"><input size=\"40\" maxlength=\"400\" class=\"wpcf7-form-control wpcf7-email wpcf7-validates-as-required wpcf7-text wpcf7-validates-as-email\" id=\"mailfield\" aria-required=\"true\" aria-invalid=\"false\" placeholder=\"YOUR EMAIL\" value=\"\" type=\"email\" name=\"your-email\" \/><\/span>\n\t\t\t\t<\/p>\n\t\t\t<\/div>\n\t\t<\/div>\n\t<\/div>\n\t<div class=\"row input-contact large\">\n\t\t<div class=\"col-12\">\n\t\t\t<div class=\"input-filled\">\n\t\t\t\t<p><span class=\"wpcf7-form-control-wrap\" data-name=\"your-message\"><textarea cols=\"40\" rows=\"10\" maxlength=\"2000\" class=\"wpcf7-form-control wpcf7-textarea wpcf7-validates-as-required\" id=\"messagefield\" aria-required=\"true\" aria-invalid=\"false\" placeholder=\"YOUR MESSAGE\" name=\"your-message\"><\/textarea><\/span>\n\t\t\t\t<\/p>\n\t\t\t<\/div>\n\t\t<\/div>\n\t<\/div>\n\t<div class=\"row button-contact\">\n\t\t<div class=\"col-12\">\n\t\t\t<div class=\"btn-form\">\n\t\t\t\t<p><button type=\"submit\" class=\"wpcf7-submit btn btn-default\"><br \/>\n<span>SEND MAIL<\/span><br \/>\n<\/button>\n\t\t\t\t<\/p>\n\t\t\t<\/div>\n\t\t<\/div>\n\t<\/div>\n<\/div><div class=\"wpcf7-response-output\" aria-hidden=\"true\"><\/div>\n<input type=\"hidden\" name=\"trp-form-language\" value=\"en\"\/><\/form>\n<\/div>\n    <\/div>\r\n\t\t\t\t<\/div>\n\t\t\t\t<\/div>\n\t\t            <\/div>\r\n        <\/div>\r\n        \t\t\t<\/div>\n\t\t<\/section>\n\t\t\t\t<\/div>","protected":false},"excerpt":{"rendered":"<p>NOTRE MISSION Chez Concept EJA, nous croyons que lorsque le design rencontre le savoir-faire et la passion du d\u00e9tail, des espaces uniques prennent vie. LE DESIGN, NOTRE PASSION Concept EJA est une entreprise sp\u00e9cialis\u00e9e en design d\u2019int\u00e9rieur, cuisines sur mesure et construction personnalis\u00e9e, bas\u00e9e \u00e0 Laval. Nous accompagnons nos clients de la conception \u00e0 la [&hellip;]<\/p>\n","protected":false},"author":1,"featured_media":0,"parent":0,"menu_order":0,"comment_status":"closed","ping_status":"closed","template":"","meta":{"footnotes":""},"class_list":["post-498","page","type-page","status-publish","hentry"],"_links":{"self":[{"href":"https:\/\/concept-eja.com\/en\/wp-json\/wp\/v2\/pages\/498","targetHints":{"allow":["GET"]}}],"collection":[{"href":"https:\/\/concept-eja.com\/en\/wp-json\/wp\/v2\/pages"}],"about":[{"href":"https:\/\/concept-eja.com\/en\/wp-json\/wp\/v2\/types\/page"}],"author":[{"embeddable":true,"href":"https:\/\/concept-eja.com\/en\/wp-json\/wp\/v2\/users\/1"}],"replies":[{"embeddable":true,"href":"https:\/\/concept-eja.com\/en\/wp-json\/wp\/v2\/comments?post=498"}],"version-history":[{"count":18,"href":"https:\/\/concept-eja.com\/en\/wp-json\/wp\/v2\/pages\/498\/revisions"}],"predecessor-version":[{"id":9904,"href":"https:\/\/concept-eja.com\/en\/wp-json\/wp\/v2\/pages\/498\/revisions\/9904"}],"wp:attachment":[{"href":"https:\/\/concept-eja.com\/en\/wp-json\/wp\/v2\/media?parent=498"}],"curies":[{"name":"wp","href":"https:\/\/api.w.org\/{rel}","templated":true}]}}