{"id":492,"date":"2023-04-12T08:49:30","date_gmt":"2023-04-12T08:49:30","guid":{"rendered":"http:\/\/localhost\/mrittik\/?page_id=492"},"modified":"2026-03-24T01:15:29","modified_gmt":"2026-03-24T01:15:29","slug":"projects-01","status":"publish","type":"page","link":"https:\/\/concept-eja.com\/en\/projects-01\/","title":{"rendered":"Projects &#8211; 01"},"content":{"rendered":"\t\t<div data-elementor-type=\"wp-page\" data-elementor-id=\"492\" class=\"elementor elementor-492\">\n\t\t\t\t        <section class=\"elementor-section elementor-top-section elementor-element elementor-element-4f28162 elementor-section-boxed elementor-section-height-default elementor-section-height-default pxl-row-scroll-none pxl-show-grid-none pxl-section-bg-none pxl-section-grid-bg-false\" data-id=\"4f28162\" data-element_type=\"section\">\n\n                \n                <div class=\"elementor-container elementor-column-gap-default \">\n                <div class=\"elementor-column elementor-col-100 elementor-top-column elementor-element elementor-element-7c51bc5 pxl-column-none\" data-id=\"7c51bc5\" data-element_type=\"column\">\r\n        <div class=\"elementor-widget-wrap elementor-element-populated\">\r\n                     \r\n        \t\t<div class=\"elementor-element elementor-element-c50d19e pxl-post-layout-portfolio-1 elementor-widget elementor-widget-pxl_post_grid\" data-id=\"c50d19e\" data-element_type=\"widget\" data-widget_type=\"pxl_post_grid.default\">\n\t\t\t\t<div class=\"elementor-widget-container\">\n\t\t\t\t\t\n<div id=\"pxl_post_grid-c50d19e-4736\" class=\"pxl-grid pxl-portfolio-grid-layout1 pxl-check-scroll blinds_staggered\" data-layout=\"fitRows\" data-start-page=\"1\" data-max-pages=\"1\" data-total=\"4\" data-perpage=\"7\" data-next-link=\"\">\n        <div class=\"pxl-grid-inner pxl-grid-masonry row\" data-gutter=\"15\">\n        <div class=\"grid-sizer col-xxl-12 col-xl-12 col-lg-12 col-md-12 col-sm-12 col-12\"><\/div>\n                    <div class=\"pxl-grid-item col-xl-12 col-lg-12 col-md-12 col-sm-12 col-12 \">\n                <div class=\"pxl-item--inner \" data-wow-duration=\"1.2s\">\n                                            <div class=\"item--featured\" style=\"--pg-background-image: url('https:\/\/concept-eja.com\/wp-content\/uploads\/2023\/11\/homez-bg01.jpg');\">\n                            <a href=\"https:\/\/concept-eja.com\/en\/portfolio\/project-01\/\">\n                                <img fetchpriority=\"high\" decoding=\"async\" width=\"1170\" height=\"706\" src=\"https:\/\/concept-eja.com\/wp-content\/uploads\/2023\/11\/homez-bg01.jpg\" class=\"no-lazyload attachment-full\" alt=\"\" srcset=\"https:\/\/concept-eja.com\/wp-content\/uploads\/2023\/11\/homez-bg01.jpg 1170w, https:\/\/concept-eja.com\/wp-content\/uploads\/2023\/11\/homez-bg01-300x181.jpg 300w, https:\/\/concept-eja.com\/wp-content\/uploads\/2023\/11\/homez-bg01-1024x618.jpg 1024w, https:\/\/concept-eja.com\/wp-content\/uploads\/2023\/11\/homez-bg01-768x463.jpg 768w, https:\/\/concept-eja.com\/wp-content\/uploads\/2023\/11\/homez-bg01-18x12.jpg 18w\" sizes=\"(max-width: 1170px) 100vw, 1170px\" \/>                            <\/a>\n                        <\/div>\n                                        <div class=\"item--content\">\n                                                <h5 class=\"item--title\"><a href=\"https:\/\/concept-eja.com\/en\/portfolio\/project-01\/\">Cuisine-02<\/a><\/h5>\n                                                    <div class=\"pxl-item--button\">\n                                <a class=\"item--button pxl-btn-line\" href=\"https:\/\/concept-eja.com\/en\/portfolio\/project-01\/\">\n                                    <span class=\"btn-text\">\n                                        VOIR LES D\u00c9TAILS                                    <\/span>\n                                    <span class=\"btn-icon\">\n                                        <span class=\"line\"><\/span>\n                                        <span class=\"circle\"><\/span>\n                                        <span class=\"dot\"><\/span>\n                                    <\/span>\n                                <\/a>\n                            <\/div>\n                                            <\/div>\n                <\/div>\n            <\/div>\n                    <div class=\"pxl-grid-item col-xl-6 col-lg-6 col-md-6 col-sm-12 col-12 \">\n                <div class=\"pxl-item--inner \" data-wow-duration=\"1.2s\">\n                                            <div class=\"item--featured\" style=\"--pg-background-image: url('https:\/\/concept-eja.com\/wp-content\/uploads\/2023\/11\/homez-bg02.jpg');\">\n                            <a href=\"https:\/\/concept-eja.com\/en\/portfolio\/project-02\/\">\n                                <img decoding=\"async\" width=\"1170\" height=\"706\" src=\"https:\/\/concept-eja.com\/wp-content\/uploads\/2023\/11\/homez-bg02.jpg\" class=\"no-lazyload attachment-full\" alt=\"\" srcset=\"https:\/\/concept-eja.com\/wp-content\/uploads\/2023\/11\/homez-bg02.jpg 1170w, https:\/\/concept-eja.com\/wp-content\/uploads\/2023\/11\/homez-bg02-300x181.jpg 300w, https:\/\/concept-eja.com\/wp-content\/uploads\/2023\/11\/homez-bg02-1024x618.jpg 1024w, https:\/\/concept-eja.com\/wp-content\/uploads\/2023\/11\/homez-bg02-768x463.jpg 768w, https:\/\/concept-eja.com\/wp-content\/uploads\/2023\/11\/homez-bg02-18x12.jpg 18w\" sizes=\"(max-width: 1170px) 100vw, 1170px\" \/>                            <\/a>\n                        <\/div>\n                                        <div class=\"item--content\">\n                                                <h5 class=\"item--title\"><a href=\"https:\/\/concept-eja.com\/en\/portfolio\/project-02\/\">Design d&#8217;int\u00e9rieur<\/a><\/h5>\n                                                    <div class=\"pxl-item--button\">\n                                <a class=\"item--button pxl-btn-line\" href=\"https:\/\/concept-eja.com\/en\/portfolio\/project-02\/\">\n                                    <span class=\"btn-text\">\n                                        VOIR LES D\u00c9TAILS                                    <\/span>\n                                    <span class=\"btn-icon\">\n                                        <span class=\"line\"><\/span>\n                                        <span class=\"circle\"><\/span>\n                                        <span class=\"dot\"><\/span>\n                                    <\/span>\n                                <\/a>\n                            <\/div>\n                                            <\/div>\n                <\/div>\n            <\/div>\n                    <div class=\"pxl-grid-item col-xl-6 col-lg-6 col-md-6 col-sm-12 col-12 \">\n                <div class=\"pxl-item--inner \" data-wow-duration=\"1.2s\">\n                                            <div class=\"item--featured\" style=\"--pg-background-image: url('https:\/\/concept-eja.com\/wp-content\/uploads\/2023\/11\/homez-bg03.jpg');\">\n                            <a href=\"https:\/\/concept-eja.com\/en\/portfolio\/project-03\/\">\n                                <img decoding=\"async\" width=\"1170\" height=\"706\" src=\"https:\/\/concept-eja.com\/wp-content\/uploads\/2023\/11\/homez-bg03.jpg\" class=\"no-lazyload attachment-full\" alt=\"\" srcset=\"https:\/\/concept-eja.com\/wp-content\/uploads\/2023\/11\/homez-bg03.jpg 1170w, https:\/\/concept-eja.com\/wp-content\/uploads\/2023\/11\/homez-bg03-300x181.jpg 300w, https:\/\/concept-eja.com\/wp-content\/uploads\/2023\/11\/homez-bg03-1024x618.jpg 1024w, https:\/\/concept-eja.com\/wp-content\/uploads\/2023\/11\/homez-bg03-768x463.jpg 768w, https:\/\/concept-eja.com\/wp-content\/uploads\/2023\/11\/homez-bg03-18x12.jpg 18w\" sizes=\"(max-width: 1170px) 100vw, 1170px\" \/>                            <\/a>\n                        <\/div>\n                                        <div class=\"item--content\">\n                                                <h5 class=\"item--title\"><a href=\"https:\/\/concept-eja.com\/en\/portfolio\/project-03\/\">Salle de bain<\/a><\/h5>\n                                                    <div class=\"pxl-item--button\">\n                                <a class=\"item--button pxl-btn-line\" href=\"https:\/\/concept-eja.com\/en\/portfolio\/project-03\/\">\n                                    <span class=\"btn-text\">\n                                        VOIR LES D\u00c9TAILS                                    <\/span>\n                                    <span class=\"btn-icon\">\n                                        <span class=\"line\"><\/span>\n                                        <span class=\"circle\"><\/span>\n                                        <span class=\"dot\"><\/span>\n                                    <\/span>\n                                <\/a>\n                            <\/div>\n                                            <\/div>\n                <\/div>\n            <\/div>\n                    <div class=\"pxl-grid-item col-xl-12 col-lg-12 col-md-12 col-sm-12 col-12 \">\n                <div class=\"pxl-item--inner \" data-wow-duration=\"1.2s\">\n                                            <div class=\"item--featured\" style=\"--pg-background-image: url('https:\/\/concept-eja.com\/wp-content\/uploads\/2026\/03\/slider-px-11.jpg');\">\n                            <a href=\"https:\/\/concept-eja.com\/en\/portfolio\/project-04\/\">\n                                <img loading=\"lazy\" decoding=\"async\" width=\"1600\" height=\"900\" src=\"https:\/\/concept-eja.com\/wp-content\/uploads\/2026\/03\/slider-px-11.jpg\" class=\"no-lazyload attachment-full\" alt=\"\" srcset=\"https:\/\/concept-eja.com\/wp-content\/uploads\/2026\/03\/slider-px-11.jpg 1600w, https:\/\/concept-eja.com\/wp-content\/uploads\/2026\/03\/slider-px-11-300x169.jpg 300w, https:\/\/concept-eja.com\/wp-content\/uploads\/2026\/03\/slider-px-11-1024x576.jpg 1024w, https:\/\/concept-eja.com\/wp-content\/uploads\/2026\/03\/slider-px-11-768x432.jpg 768w, https:\/\/concept-eja.com\/wp-content\/uploads\/2026\/03\/slider-px-11-1536x864.jpg 1536w, https:\/\/concept-eja.com\/wp-content\/uploads\/2026\/03\/slider-px-11-18x10.jpg 18w, https:\/\/concept-eja.com\/wp-content\/uploads\/2026\/03\/slider-px-11-1170x658.jpg 1170w\" sizes=\"(max-width: 1600px) 100vw, 1600px\" \/>                            <\/a>\n                        <\/div>\n                                        <div class=\"item--content\">\n                                                <h5 class=\"item--title\"><a href=\"https:\/\/concept-eja.com\/en\/portfolio\/project-04\/\">Cuisine-01<\/a><\/h5>\n                                                    <div class=\"pxl-item--button\">\n                                <a class=\"item--button pxl-btn-line\" href=\"https:\/\/concept-eja.com\/en\/portfolio\/project-04\/\">\n                                    <span class=\"btn-text\">\n                                        VOIR LES D\u00c9TAILS                                    <\/span>\n                                    <span class=\"btn-icon\">\n                                        <span class=\"line\"><\/span>\n                                        <span class=\"circle\"><\/span>\n                                        <span class=\"dot\"><\/span>\n                                    <\/span>\n                                <\/a>\n                            <\/div>\n                                            <\/div>\n                <\/div>\n            <\/div>\n            <\/div>\n    <div class=\"pxl-grid-no-results\">No matching results.<\/div>\n            <div class=\"pxl-grid-pagination\" data-loadmore=\"{&quot;post_type&quot;:&quot;portfolio&quot;,&quot;layout&quot;:&quot;portfolio-1&quot;,&quot;layout_mode&quot;:&quot;fitRows&quot;,&quot;startPage&quot;:1,&quot;maxPages&quot;:1,&quot;total&quot;:4,&quot;perpage&quot;:7,&quot;nextLink&quot;:&quot;&quot;,&quot;source&quot;:[],&quot;orderby&quot;:&quot;date&quot;,&quot;order&quot;:&quot;asc&quot;,&quot;limit&quot;:7,&quot;post_ids&quot;:[&quot;8639&quot;,&quot;9800&quot;,&quot;9805&quot;,&quot;9873&quot;],&quot;col_xxl&quot;:12,&quot;col_xl&quot;:12,&quot;col_lg&quot;:12,&quot;col_md&quot;:12,&quot;col_sm&quot;:12,&quot;col_xs&quot;:12,&quot;pagination_type&quot;:&quot;pagination&quot;,&quot;show_tag&quot;:&quot;true&quot;,&quot;show_button&quot;:&quot;true&quot;,&quot;button_text&quot;:&quot;VOIR LES D\\u00c9TAILS&quot;,&quot;img_size&quot;:&quot;&quot;,&quot;grid_masonry&quot;:[{&quot;_id&quot;:&quot;ffd4073&quot;,&quot;col_xs_m&quot;:&quot;12&quot;,&quot;col_sm_m&quot;:&quot;12&quot;,&quot;col_md_m&quot;:&quot;12&quot;,&quot;col_lg_m&quot;:&quot;12&quot;,&quot;col_xl_m&quot;:&quot;12&quot;,&quot;img_size_m&quot;:&quot;&quot;},{&quot;_id&quot;:&quot;a18a99c&quot;,&quot;col_xs_m&quot;:&quot;12&quot;,&quot;col_sm_m&quot;:&quot;12&quot;,&quot;col_md_m&quot;:&quot;6&quot;,&quot;col_lg_m&quot;:&quot;6&quot;,&quot;col_xl_m&quot;:&quot;6&quot;,&quot;img_size_m&quot;:&quot;&quot;},{&quot;_id&quot;:&quot;72fde05&quot;,&quot;col_xs_m&quot;:&quot;12&quot;,&quot;col_sm_m&quot;:&quot;12&quot;,&quot;col_md_m&quot;:&quot;6&quot;,&quot;col_lg_m&quot;:&quot;6&quot;,&quot;col_xl_m&quot;:&quot;6&quot;,&quot;img_size_m&quot;:&quot;&quot;},{&quot;_id&quot;:&quot;0de449b&quot;,&quot;col_xs_m&quot;:&quot;12&quot;,&quot;col_sm_m&quot;:&quot;12&quot;,&quot;col_md_m&quot;:&quot;12&quot;,&quot;col_lg_m&quot;:&quot;12&quot;,&quot;col_xl_m&quot;:&quot;12&quot;,&quot;img_size_m&quot;:&quot;&quot;},{&quot;_id&quot;:&quot;bd174d8&quot;,&quot;col_xs_m&quot;:&quot;12&quot;,&quot;col_sm_m&quot;:&quot;12&quot;,&quot;col_md_m&quot;:&quot;6&quot;,&quot;col_lg_m&quot;:&quot;6&quot;,&quot;col_xl_m&quot;:&quot;6&quot;,&quot;img_size_m&quot;:&quot;&quot;},{&quot;_id&quot;:&quot;95f12c4&quot;,&quot;col_xs_m&quot;:&quot;12&quot;,&quot;col_sm_m&quot;:&quot;12&quot;,&quot;col_md_m&quot;:&quot;6&quot;,&quot;col_lg_m&quot;:&quot;6&quot;,&quot;col_xl_m&quot;:&quot;6&quot;,&quot;img_size_m&quot;:&quot;&quot;},{&quot;_id&quot;:&quot;ce9e1dc&quot;,&quot;col_xs_m&quot;:&quot;12&quot;,&quot;col_sm_m&quot;:&quot;12&quot;,&quot;col_md_m&quot;:&quot;12&quot;,&quot;col_lg_m&quot;:&quot;12&quot;,&quot;col_xl_m&quot;:&quot;12&quot;,&quot;img_size_m&quot;:&quot;&quot;}],&quot;pxl_animate&quot;:&quot;&quot;,&quot;tax&quot;:[]}\" data-query=\"{&quot;post_type&quot;:&quot;portfolio&quot;,&quot;post_status&quot;:&quot;publish&quot;,&quot;posts_per_page&quot;:7,&quot;order&quot;:&quot;asc&quot;,&quot;orderby&quot;:&quot;date&quot;,&quot;post__in&quot;:[8639,9800,9805,9873]}\">\n                    <\/div>\n        <\/div>\t\t\t\t<\/div>\n\t\t\t\t<\/div>\n\t\t            <\/div>\r\n        <\/div>\r\n        \t\t\t<\/div>\n\t\t<\/section>\n\t\t\t\t<\/div>\n\t\t","protected":false},"excerpt":{"rendered":"<p>Cuisine-02 VOIR LES D\u00c9TAILS Design d&#8217;int\u00e9rieur VOIR LES D\u00c9TAILS Salle de bain VOIR LES D\u00c9TAILS Cuisine-01 VOIR LES D\u00c9TAILS No matching results.<\/p>","protected":false},"author":1,"featured_media":0,"parent":0,"menu_order":0,"comment_status":"closed","ping_status":"closed","template":"","meta":{"footnotes":""},"class_list":["post-492","page","type-page","status-publish","hentry"],"_links":{"self":[{"href":"https:\/\/concept-eja.com\/en\/wp-json\/wp\/v2\/pages\/492","targetHints":{"allow":["GET"]}}],"collection":[{"href":"https:\/\/concept-eja.com\/en\/wp-json\/wp\/v2\/pages"}],"about":[{"href":"https:\/\/concept-eja.com\/en\/wp-json\/wp\/v2\/types\/page"}],"author":[{"embeddable":true,"href":"https:\/\/concept-eja.com\/en\/wp-json\/wp\/v2\/users\/1"}],"replies":[{"embeddable":true,"href":"https:\/\/concept-eja.com\/en\/wp-json\/wp\/v2\/comments?post=492"}],"version-history":[{"count":10,"href":"https:\/\/concept-eja.com\/en\/wp-json\/wp\/v2\/pages\/492\/revisions"}],"predecessor-version":[{"id":9932,"href":"https:\/\/concept-eja.com\/en\/wp-json\/wp\/v2\/pages\/492\/revisions\/9932"}],"wp:attachment":[{"href":"https:\/\/concept-eja.com\/en\/wp-json\/wp\/v2\/media?parent=492"}],"curies":[{"name":"wp","href":"https:\/\/api.w.org\/{rel}","templated":true}]}}